{"id":18133,"date":"2022-07-07T15:46:57","date_gmt":"2022-07-07T15:46:57","guid":{"rendered":"https:\/\/siscapac.com\/?page_id=18133"},"modified":"2022-09-05T17:46:41","modified_gmt":"2022-09-05T17:46:41","slug":"manual-de-usuario","status":"publish","type":"page","link":"https:\/\/siscapac.com\/index.php\/manual-de-usuario\/","title":{"rendered":"Manual de usuario"},"content":{"rendered":"\t\t<div data-elementor-type=\"wp-page\" data-elementor-id=\"18133\" class=\"elementor elementor-18133\">\n\t\t\t\t\t\t\t\t\t<section class=\"elementor-section elementor-top-section elementor-element elementor-element-d54b1e3 elementor-section-boxed elementor-section-gap-beside-yes elementor-section-height-default elementor-section-height-default elementor-section-column-vertical-align-stretch\" data-id=\"d54b1e3\" data-element_type=\"section\">\n\t\t\t\t\t\t<div class=\"elementor-container elementor-column-gap-extended\">\n\t\t\t\t\t<div class=\"elementor-column elementor-col-100 elementor-top-column elementor-element elementor-element-f445f5f\" data-id=\"f445f5f\" data-element_type=\"column\">\n\t\t\t<div class=\"elementor-widget-wrap elementor-element-populated\">\n\t\t\t\t\t\t\t\t<div class=\"elementor-element elementor-element-0a593a8 elementor-widget elementor-widget-heading\" data-id=\"0a593a8\" data-element_type=\"widget\" data-widget_type=\"heading.default\">\n\t\t\t\t<div class=\"elementor-widget-container\">\n\t\t\t<style>\/*! elementor - v3.6.5 - 27-04-2022 *\/\n.elementor-heading-title{padding:0;margin:0;line-height:1}.elementor-widget-heading .elementor-heading-title[class*=elementor-size-]>a{color:inherit;font-size:inherit;line-height:inherit}.elementor-widget-heading .elementor-heading-title.elementor-size-small{font-size:15px}.elementor-widget-heading .elementor-heading-title.elementor-size-medium{font-size:19px}.elementor-widget-heading .elementor-heading-title.elementor-size-large{font-size:29px}.elementor-widget-heading .elementor-heading-title.elementor-size-xl{font-size:39px}.elementor-widget-heading .elementor-heading-title.elementor-size-xxl{font-size:59px}<\/style><h2 class=\"elementor-heading-title elementor-size-default\">\u00bfTienes dudas acerca de c\u00f3mo usar el sistema?<\/h2>\t\t<\/div>\n\t\t\t\t<\/div>\n\t\t\t\t\t<\/div>\n\t\t<\/div>\n\t\t\t\t\t\t\t<\/div>\n\t\t<\/section>\n\t\t\t\t<section class=\"elementor-section elementor-top-section elementor-element elementor-element-fab91e5 elementor-section-boxed elementor-section-gap-beside-yes elementor-section-height-default elementor-section-height-default elementor-section-column-vertical-align-stretch\" data-id=\"fab91e5\" data-element_type=\"section\">\n\t\t\t\t\t\t<div class=\"elementor-container elementor-column-gap-extended\">\n\t\t\t\t\t<div class=\"elementor-column elementor-col-50 elementor-top-column elementor-element elementor-element-67da248\" data-id=\"67da248\" data-element_type=\"column\">\n\t\t\t<div class=\"elementor-widget-wrap elementor-element-populated\">\n\t\t\t\t\t\t\t\t<div class=\"elementor-element elementor-element-b258465 elementor-widget elementor-widget-image\" data-id=\"b258465\" data-element_type=\"widget\" data-widget_type=\"image.default\">\n\t\t\t\t<div class=\"elementor-widget-container\">\n\t\t\t<style>\/*! elementor - v3.6.5 - 27-04-2022 *\/\n.elementor-widget-image{text-align:center}.elementor-widget-image a{display:inline-block}.elementor-widget-image a img[src$=\".svg\"]{width:48px}.elementor-widget-image img{vertical-align:middle;display:inline-block}<\/style>\t\t\t\t\t\t\t\t\t\t\t\t<img width=\"512\" height=\"512\" src=\"https:\/\/siscapac.com\/wp-content\/uploads\/2022\/07\/guia-del-usuario.png\" class=\"attachment-large size-large\" alt=\"\" loading=\"lazy\" srcset=\"https:\/\/siscapac.com\/wp-content\/uploads\/2022\/07\/guia-del-usuario.png 512w, https:\/\/siscapac.com\/wp-content\/uploads\/2022\/07\/guia-del-usuario-300x300.png 300w, https:\/\/siscapac.com\/wp-content\/uploads\/2022\/07\/guia-del-usuario-150x150.png 150w\" sizes=\"(max-width: 512px) 100vw, 512px\" \/>\t\t\t\t\t\t\t\t\t\t\t\t\t\t\t<\/div>\n\t\t\t\t<\/div>\n\t\t\t\t\t<\/div>\n\t\t<\/div>\n\t\t\t\t<div class=\"elementor-column elementor-col-50 elementor-top-column elementor-element elementor-element-42d44db\" data-id=\"42d44db\" data-element_type=\"column\">\n\t\t\t<div class=\"elementor-widget-wrap elementor-element-populated\">\n\t\t\t\t\t\t\t\t<div class=\"elementor-element elementor-element-df44fe5 elementor-widget elementor-widget-text-editor\" data-id=\"df44fe5\" data-element_type=\"widget\" data-widget_type=\"text-editor.default\">\n\t\t\t\t<div class=\"elementor-widget-container\">\n\t\t\t<style>\/*! elementor - v3.6.5 - 27-04-2022 *\/\n.elementor-widget-text-editor.elementor-drop-cap-view-stacked .elementor-drop-cap{background-color:#818a91;color:#fff}.elementor-widget-text-editor.elementor-drop-cap-view-framed .elementor-drop-cap{color:#818a91;border:3px solid;background-color:transparent}.elementor-widget-text-editor:not(.elementor-drop-cap-view-default) .elementor-drop-cap{margin-top:8px}.elementor-widget-text-editor:not(.elementor-drop-cap-view-default) .elementor-drop-cap-letter{width:1em;height:1em}.elementor-widget-text-editor .elementor-drop-cap{float:left;text-align:center;line-height:1;font-size:50px}.elementor-widget-text-editor .elementor-drop-cap-letter{display:inline-block}<\/style>\t\t\t\t<p>Descarga nuestro manual de usuario haciendo clic <a href=\"https:\/\/siscapac.com\/wp-content\/uploads\/2022\/09\/Manual-De-Ususario-SisCAPAC.pdf\" target=\"_blank\" rel=\"noopener\">aqu\u00ed<\/a>, ent\u00e9rate de todas las operaciones que puedes realizar en nuestro sistema y vu\u00e9lvete un experto en el manejo del mismo.\u00a0<\/p><p>Si a\u00fan tienes dudas de c\u00f3mo realizar algunas tareas comun\u00edcate con nosotros mediante el <a href=\"https:\/\/siscapac.com\/index.php\/contacto-siscapac\/\" target=\"_blank\" rel=\"noopener\">formulario de contacto<\/a>,<\/p>\t\t\t\t\t\t<\/div>\n\t\t\t\t<\/div>\n\t\t\t\t\t<\/div>\n\t\t<\/div>\n\t\t\t\t\t\t\t<\/div>\n\t\t<\/section>\n\t\t\t\t\t\t\t<\/div>\n\t\t","protected":false},"excerpt":{"rendered":"<p>\u00bfTienes dudas acerca de c\u00f3mo usar el sistema? Descarga nuestro manual de usuario haciendo clic aqu\u00ed, ent\u00e9rate de todas las operaciones que puedes realizar en nuestro sistema y vu\u00e9lvete un experto en el manejo del mismo.\u00a0 Si a\u00fan tienes dudas de c\u00f3mo realizar algunas tareas comun\u00edcate con nosotros mediante el formulario de contacto,<\/p>\n","protected":false},"author":1,"featured_media":0,"parent":0,"menu_order":0,"comment_status":"closed","ping_status":"closed","template":"","meta":{"om_disable_all_campaigns":false,"inline_featured_image":false,"_monsterinsights_skip_tracking":false,"_monsterinsights_sitenote_active":false,"_monsterinsights_sitenote_note":"","_monsterinsights_sitenote_category":0},"_links":{"self":[{"href":"https:\/\/siscapac.com\/index.php\/wp-json\/wp\/v2\/pages\/18133"}],"collection":[{"href":"https:\/\/siscapac.com\/index.php\/wp-json\/wp\/v2\/pages"}],"about":[{"href":"https:\/\/siscapac.com\/index.php\/wp-json\/wp\/v2\/types\/page"}],"author":[{"embeddable":true,"href":"https:\/\/siscapac.com\/index.php\/wp-json\/wp\/v2\/users\/1"}],"replies":[{"embeddable":true,"href":"https:\/\/siscapac.com\/index.php\/wp-json\/wp\/v2\/comments?post=18133"}],"version-history":[{"count":17,"href":"https:\/\/siscapac.com\/index.php\/wp-json\/wp\/v2\/pages\/18133\/revisions"}],"predecessor-version":[{"id":18275,"href":"https:\/\/siscapac.com\/index.php\/wp-json\/wp\/v2\/pages\/18133\/revisions\/18275"}],"wp:attachment":[{"href":"https:\/\/siscapac.com\/index.php\/wp-json\/wp\/v2\/media?parent=18133"}],"curies":[{"name":"wp","href":"https:\/\/api.w.org\/{rel}","templated":true}]}}